{"id":504987,"date":"2023-12-21T08:45:07","date_gmt":"2023-12-21T08:45:07","guid":{"rendered":"https:\/\/quantumai.co\/?page_id=504987"},"modified":"2023-12-21T08:45:07","modified_gmt":"2023-12-21T08:45:07","slug":"objemove-vazena-prumerna-cena-vwap","status":"publish","type":"page","link":"https:\/\/quantumai.co.com\/cs\/glosar\/objemove-vazena-prumerna-cena-vwap\/","title":{"rendered":"Objemov\u011b v\u00e1\u017een\u00e1 pr\u016fm\u011brn\u00e1 cena (VWAP)"},"content":{"rendered":"<p>Obchodn\u00ed benchmark pou\u017e\u00edvan\u00fd zejm\u00e9na v penzijn\u00edch pl\u00e1nech. VWAP se vypo\u010d\u00edt\u00e1 tak, \u017ee se se\u010dtou zobchodovan\u00e9 dolary za ka\u017edou transakci (cena kr\u00e1t zobchodovan\u00e9 akcie) a pot\u00e9 se vyd\u011bl\u00ed celkov\u00fdm po\u010dtem zobchodovan\u00fdch akci\u00ed.<\/p>","protected":false},"excerpt":{"rendered":"<p>Obchodn\u00ed benchmark pou\u017e\u00edvan\u00fd zejm\u00e9na v penzijn\u00edch pl\u00e1nech. VWAP se vypo\u010d\u00edt\u00e1 tak, \u017ee se se\u010dtou zobchodovan\u00e9 dolary za ka\u017edou transakci (cena kr\u00e1t zobchodovan\u00e9 akcie) a pak se vyd\u011bl\u00ed celkovou hodnotou.<a href=\"https:\/\/quantumai.co.com\/cs\/glosar\/objemove-vazena-prumerna-cena-vwap\/\">Pokra\u010dovat ve \u010dten\u00ed <span class=\"sr-only\">\"Objemov\u011b v\u00e1\u017een\u00e1 pr\u016fm\u011brn\u00e1 cena (VWAP)\"<\/span><\/a><\/p>","protected":false},"author":1,"featured_media":0,"parent":333,"menu_order":81,"comment_status":"closed","ping_status":"closed","template":"","meta":{"_acf_changed":false,"inline_featured_image":false,"footnotes":""},"class_list":["post-504987","page","type-page","status-publish","hentry"],"acf":[],"_links":{"self":[{"href":"https:\/\/quantumai.co.com\/cs\/wp-json\/wp\/v2\/pages\/504987","targetHints":{"allow":["GET"]}}],"collection":[{"href":"https:\/\/quantumai.co.com\/cs\/wp-json\/wp\/v2\/pages"}],"about":[{"href":"https:\/\/quantumai.co.com\/cs\/wp-json\/wp\/v2\/types\/page"}],"author":[{"embeddable":true,"href":"https:\/\/quantumai.co.com\/cs\/wp-json\/wp\/v2\/users\/1"}],"replies":[{"embeddable":true,"href":"https:\/\/quantumai.co.com\/cs\/wp-json\/wp\/v2\/comments?post=504987"}],"version-history":[{"count":0,"href":"https:\/\/quantumai.co.com\/cs\/wp-json\/wp\/v2\/pages\/504987\/revisions"}],"up":[{"embeddable":true,"href":"https:\/\/quantumai.co.com\/cs\/wp-json\/wp\/v2\/pages\/333"}],"wp:attachment":[{"href":"https:\/\/quantumai.co.com\/cs\/wp-json\/wp\/v2\/media?parent=504987"}],"curies":[{"name":"wp","href":"https:\/\/api.w.org\/{rel}","templated":true}]}}