{"id":505047,"date":"2023-12-21T08:38:40","date_gmt":"2023-12-21T08:38:40","guid":{"rendered":"https:\/\/quantumai.co\/?page_id=505047"},"modified":"2023-12-21T08:38:40","modified_gmt":"2023-12-21T08:38:40","slug":"obchodovani-s-marzi","status":"publish","type":"page","link":"https:\/\/quantumai.co.com\/cs\/glosar\/obchodovani-s-marzi\/","title":{"rendered":"Mar\u017eov\u00e9 obchodov\u00e1n\u00ed"},"content":{"rendered":"<p>Praxe, kdy se k obchodov\u00e1n\u00ed s finan\u010dn\u00edm aktivem, kter\u00e9 tvo\u0159\u00ed z\u00e1stavu za p\u016fj\u010dku od makl\u00e9\u0159e, pou\u017e\u00edvaj\u00ed vyp\u016fj\u010den\u00e9 prost\u0159edky od makl\u00e9\u0159e. Mar\u017eov\u00e9 obchodov\u00e1n\u00ed zvy\u0161uje zisky i rizika.<\/p>","protected":false},"excerpt":{"rendered":"<p>The practice of using borrowed funds from a broker to trade a financial asset, which forms the collateral for the loan from the broker. Margin trading amplifies both gains and<a href=\"https:\/\/quantumai.co.com\/cs\/glosar\/obchodovani-s-marzi\/\">Pokra\u010dovat ve \u010dten\u00ed <span class=\"sr-only\">&#8220;Margin trading&#8221;<\/span><\/a><\/p>","protected":false},"author":1,"featured_media":0,"parent":333,"menu_order":88,"comment_status":"closed","ping_status":"closed","template":"","meta":{"_acf_changed":false,"inline_featured_image":false,"footnotes":""},"class_list":["post-505047","page","type-page","status-publish","hentry"],"acf":[],"_links":{"self":[{"href":"https:\/\/quantumai.co.com\/cs\/wp-json\/wp\/v2\/pages\/505047","targetHints":{"allow":["GET"]}}],"collection":[{"href":"https:\/\/quantumai.co.com\/cs\/wp-json\/wp\/v2\/pages"}],"about":[{"href":"https:\/\/quantumai.co.com\/cs\/wp-json\/wp\/v2\/types\/page"}],"author":[{"embeddable":true,"href":"https:\/\/quantumai.co.com\/cs\/wp-json\/wp\/v2\/users\/1"}],"replies":[{"embeddable":true,"href":"https:\/\/quantumai.co.com\/cs\/wp-json\/wp\/v2\/comments?post=505047"}],"version-history":[{"count":0,"href":"https:\/\/quantumai.co.com\/cs\/wp-json\/wp\/v2\/pages\/505047\/revisions"}],"up":[{"embeddable":true,"href":"https:\/\/quantumai.co.com\/cs\/wp-json\/wp\/v2\/pages\/333"}],"wp:attachment":[{"href":"https:\/\/quantumai.co.com\/cs\/wp-json\/wp\/v2\/media?parent=505047"}],"curies":[{"name":"wp","href":"https:\/\/api.w.org\/{rel}","templated":true}]}}