{"id":505454,"date":"2023-12-21T08:38:33","date_gmt":"2023-12-21T08:38:33","guid":{"rendered":"https:\/\/quantumai.co\/?page_id=505454"},"modified":"2023-12-21T08:38:33","modified_gmt":"2023-12-21T08:38:33","slug":"kvantova-vypocetni-technika","status":"publish","type":"page","link":"https:\/\/quantumai.co.com\/cs\/glosar\/kvantova-vypocetni-technika\/","title":{"rendered":"Kvantov\u00e1 v\u00fdpo\u010detn\u00ed technika"},"content":{"rendered":"<p>Vyu\u017eit\u00ed kvantov\u011b-mechanick\u00fdch jev\u016f, jako je superpozice a prov\u00e1zanost, k prov\u00e1d\u011bn\u00ed v\u00fdpo\u010dt\u016f. Kvantov\u00e9 po\u010d\u00edta\u010de, kter\u00e9 jsou st\u00e1le ve f\u00e1zi v\u00fdvoje, slibuj\u00ed, \u017ee budou \u0159e\u0161it n\u011bkter\u00e9 probl\u00e9my mnohem rychleji ne\u017e klasick\u00e9 po\u010d\u00edta\u010de.<\/p>","protected":false},"excerpt":{"rendered":"<p>Vyu\u017eit\u00ed kvantov\u011b-mechanick\u00fdch jev\u016f, jako je superpozice a prov\u00e1zanost, k prov\u00e1d\u011bn\u00ed v\u00fdpo\u010dt\u016f. Kvantov\u00e9 po\u010d\u00edta\u010de, kter\u00e9 jsou zat\u00edm ve f\u00e1zi v\u00fdvoje, slibuj\u00ed, \u017ee n\u011bkter\u00e9 probl\u00e9my vy\u0159e\u0161\u00ed mnohem rychleji ne\u017e kvantov\u00e9 po\u010d\u00edta\u010de.<a href=\"https:\/\/quantumai.co.com\/cs\/glosar\/kvantova-vypocetni-technika\/\">Pokra\u010dovat ve \u010dten\u00ed <span class=\"sr-only\">\"Kvantov\u00e1 v\u00fdpo\u010detn\u00ed technika\"<\/span><\/a><\/p>","protected":false},"author":1,"featured_media":0,"parent":333,"menu_order":11,"comment_status":"closed","ping_status":"closed","template":"","meta":{"_acf_changed":false,"inline_featured_image":false,"footnotes":""},"class_list":["post-505454","page","type-page","status-publish","hentry"],"acf":[],"_links":{"self":[{"href":"https:\/\/quantumai.co.com\/cs\/wp-json\/wp\/v2\/pages\/505454","targetHints":{"allow":["GET"]}}],"collection":[{"href":"https:\/\/quantumai.co.com\/cs\/wp-json\/wp\/v2\/pages"}],"about":[{"href":"https:\/\/quantumai.co.com\/cs\/wp-json\/wp\/v2\/types\/page"}],"author":[{"embeddable":true,"href":"https:\/\/quantumai.co.com\/cs\/wp-json\/wp\/v2\/users\/1"}],"replies":[{"embeddable":true,"href":"https:\/\/quantumai.co.com\/cs\/wp-json\/wp\/v2\/comments?post=505454"}],"version-history":[{"count":0,"href":"https:\/\/quantumai.co.com\/cs\/wp-json\/wp\/v2\/pages\/505454\/revisions"}],"up":[{"embeddable":true,"href":"https:\/\/quantumai.co.com\/cs\/wp-json\/wp\/v2\/pages\/333"}],"wp:attachment":[{"href":"https:\/\/quantumai.co.com\/cs\/wp-json\/wp\/v2\/media?parent=505454"}],"curies":[{"name":"wp","href":"https:\/\/api.w.org\/{rel}","templated":true}]}}