{"id":505454,"date":"2023-12-21T08:38:33","date_gmt":"2023-12-21T08:38:33","guid":{"rendered":"https:\/\/quantumai.co\/?page_id=505454"},"modified":"2023-12-21T08:38:33","modified_gmt":"2023-12-21T08:38:33","slug":"kvantecomputere","status":"publish","type":"page","link":"https:\/\/quantumai.co.com\/da\/ordliste\/kvantecomputere\/","title":{"rendered":"Kvantecomputere"},"content":{"rendered":"<p>Brugen af kvantemekaniske f\u00e6nomener som superposition og sammenfiltring til at udf\u00f8re beregninger. Kvantecomputere, som stadig er p\u00e5 udviklingsstadiet, lover at kunne l\u00f8se visse problemer meget hurtigere end klassiske computere.<\/p>","protected":false},"excerpt":{"rendered":"<p>Brugen af kvantemekaniske f\u00e6nomener som superposition og sammenfiltring til at udf\u00f8re beregninger. Kvantecomputere, som stadig er p\u00e5 udviklingsstadiet, lover at kunne l\u00f8se visse problemer meget hurtigere end<a href=\"https:\/\/quantumai.co.com\/da\/ordliste\/kvantecomputere\/\">Forts\u00e6t med at l\u00e6se <span class=\"sr-only\">\"Kvantecomputere\"<\/span><\/a><\/p>","protected":false},"author":1,"featured_media":0,"parent":333,"menu_order":11,"comment_status":"closed","ping_status":"closed","template":"","meta":{"_acf_changed":false,"inline_featured_image":false,"footnotes":""},"class_list":["post-505454","page","type-page","status-publish","hentry"],"acf":[],"_links":{"self":[{"href":"https:\/\/quantumai.co.com\/da\/wp-json\/wp\/v2\/pages\/505454","targetHints":{"allow":["GET"]}}],"collection":[{"href":"https:\/\/quantumai.co.com\/da\/wp-json\/wp\/v2\/pages"}],"about":[{"href":"https:\/\/quantumai.co.com\/da\/wp-json\/wp\/v2\/types\/page"}],"author":[{"embeddable":true,"href":"https:\/\/quantumai.co.com\/da\/wp-json\/wp\/v2\/users\/1"}],"replies":[{"embeddable":true,"href":"https:\/\/quantumai.co.com\/da\/wp-json\/wp\/v2\/comments?post=505454"}],"version-history":[{"count":0,"href":"https:\/\/quantumai.co.com\/da\/wp-json\/wp\/v2\/pages\/505454\/revisions"}],"up":[{"embeddable":true,"href":"https:\/\/quantumai.co.com\/da\/wp-json\/wp\/v2\/pages\/333"}],"wp:attachment":[{"href":"https:\/\/quantumai.co.com\/da\/wp-json\/wp\/v2\/media?parent=505454"}],"curies":[{"name":"wp","href":"https:\/\/api.w.org\/{rel}","templated":true}]}}