{"id":537971,"date":"2025-07-09T03:26:47","date_gmt":"2025-07-09T03:26:47","guid":{"rendered":"https:\/\/quantumai.co\/?page_id=537971"},"modified":"2025-07-09T03:36:50","modified_gmt":"2025-07-09T03:36:50","slug":"quantum-ai-video","status":"publish","type":"page","link":"https:\/\/quantumai.co.com\/da\/quantum-ai-video\/","title":{"rendered":"Quantum AI-video"},"content":{"rendered":"<video height=\"1080\" style=\"aspect-ratio: 1920 \/ 1080;\" controls width=\"1920\" preload=\"metadata\"\n  poster=\"https:\/\/quantumai.co.com\/wp-content\/uploads\/2025\/07\/quantum-ai-thumbnail.jpg\" crossorigin=\"anonymous\">\n  <source src=\"https:\/\/quantumai.co.com\/wp-content\/uploads\/2025\/07\/quantum-AI.mp4\" type=\"video\/mp4\">\n  <track\n    kind=\"captions\"\n    src=\"https:\/\/quantumai.co.com\/wp-content\/uploads\/2025\/07\/quantum-ai-captions.vtt\"\n    srclang=\"en\"\n    label=\"English\"\n    default>\n  Din browser underst\u00f8tter ikke video-tagget.\n<\/video>\n\n\n\n<h2 class=\"wp-block-heading\">Om Quantum AI Trading Bot<\/h2>\n\n\n\n<p>Den <strong>Quantum AI Trading Bot<\/strong> er en avanceret AI-handelsplatform, der udnytter den kombinerede kraft af <strong>kvantecomputere<\/strong> og kunstig intelligens til at levere lynhurtige, pr\u00e6cisionsdrevne handler. Denne intelligente bot er designet til b\u00e5de begyndere og erfarne investorer og analyserer markedsdata i realtid, forudsiger tendenser og udf\u00f8rer handler baseret p\u00e5 brugerdefinerede risikoniveauer - alt sammen inden for f\u00e5 sekunder.<\/p>\n\n\n\n<p>Denne video giver en hurtig gennemgang af, hvordan <a class=\"wpil_keyword_link\" href=\"https:\/\/quantumai.co.com\/da\/\" title=\"Quantum AI\" data-wpil-keyword-link=\"linked\">Quantum AI<\/a> fungerer, hvad der adskiller den fra traditionelle handelsrobotter, og hvordan brugerne kan begynde at bruge den med en minimal indbetaling. Den viser ogs\u00e5 platformens dashboard, automatiserede handelsindstillinger og integrerede risikostyringsv\u00e6rkt\u00f8jer.<\/p>\n\n\n\n<p>Uanset om du er interesseret i at handle med Bitcoin, Ethereum, aktier eller r\u00e5varer, s\u00e5 er <strong>Quantum AI handelssoftware<\/strong> tilpasser sig dine pr\u00e6ferencer ved hj\u00e6lp af dynamiske l\u00e6ringsalgoritmer. Det sikrer, at din handelsstrategi l\u00f8bende forbedres, efterh\u00e5nden som systemet l\u00e6rer af den virkelige verdens resultater.<\/p>\n\n\n\n<h3 class=\"wp-block-heading\">\ud83d\udd0a Sammendrag af videotransskription<\/h3>\n\n\n\n<p>\"Velkommen til Quantum AI - den n\u00e6ste generation af AI trading bot. I denne video udforsker vi, hvordan vores platform bruger kvantealgoritmer til at give de handlende en fordel p\u00e5 markedet. Dashboardet er fuldt automatiseret og designet til at v\u00e6re nemt at bruge. Brugere kan indstille pr\u00e6ferencer for risiko, v\u00e6lge aktivtyper og aktivere automatiseret handel med blot nogle f\u00e5 klik.<\/p>\n\n\n\n<p>Med forudsigelsesmodeller i realtid og h\u00f8jhastighedsudf\u00f8relse evaluerer Quantum AI l\u00f8bende tusindvis af markedssignaler for at identificere de bedste handler. Det er som at have et handelsbord i Wall Street-klassen - i lommen. Start med s\u00e5 lidt som $250, og oplev en smartere og hurtigere m\u00e5de at investere p\u00e5.\"<\/p>\n\n\n\n<p>Hvis du vil vide mere, kan du bes\u00f8ge vores fulde dokumentation eller oprette en gratis konto for at begynde din rejse med <strong>Quantum AI Trading Bot<\/strong>.<\/p>\n\n\n\n<script type=\"application\/ld+json\">{\n    \"@context\": \"https:\\\/\\\/schema.org\",\n    \"@type\": \"VideoObject\",\n    \"name\": \"Quantum AI Trading Bot\",\n    \"description\": \"Watch how Quantum AI combines artificial intelligence and quantum computing to trade smarter and faster.\",\n    \"thumbnailUrl\": \"https:\\\/\\\/quantumai.co.com\\\/wp-content\\\/uploads\\\/2025\\\/07\\\/quantum-ai-thumbnail.jpg\",\n    \"uploadDate\": \"2025-07-09\",\n    \"duration\": \"PT3M10S\",\n    \"contentUrl\": \"https:\\\/\\\/quantumai.co.com\\\/wp-content\\\/uploads\\\/2025\\\/07\\\/quantum-AI.mp4\",\n    \"embedUrl\": \"https:\\\/\\\/quantumai.co.com\\\/quantum-ai-trading-demo\",\n    \"publisher\": {\n        \"@type\": \"Organization\",\n        \"name\": \"Quantum AI\",\n        \"logo\": {\n            \"@type\": \"ImageObject\",\n            \"url\": \"https:\\\/\\\/quantumai.co.com\\\/wp-content\\\/uploads\\\/2025\\\/01\\\/logo.png\"\n        }\n    }\n}<\/script>\n\n\n\n<p><\/p>","protected":false},"excerpt":{"rendered":"<p>About the Quantum AI Trading Bot The Quantum AI Trading Bot is an advanced AI trading platform that leverages the combined power of quantum computing and artificial intelligence to deliver<a href=\"https:\/\/quantumai.co.com\/da\/quantum-ai-video\/\">Forts\u00e6t med at l\u00e6se <span class=\"sr-only\">&#8220;Quantum AI Video&#8221;<\/span><\/a><\/p>","protected":false},"author":1,"featured_media":0,"parent":0,"menu_order":0,"comment_status":"closed","ping_status":"closed","template":"","meta":{"_acf_changed":false,"inline_featured_image":false,"footnotes":""},"class_list":["post-537971","page","type-page","status-publish","hentry"],"acf":[],"_links":{"self":[{"href":"https:\/\/quantumai.co.com\/da\/wp-json\/wp\/v2\/pages\/537971","targetHints":{"allow":["GET"]}}],"collection":[{"href":"https:\/\/quantumai.co.com\/da\/wp-json\/wp\/v2\/pages"}],"about":[{"href":"https:\/\/quantumai.co.com\/da\/wp-json\/wp\/v2\/types\/page"}],"author":[{"embeddable":true,"href":"https:\/\/quantumai.co.com\/da\/wp-json\/wp\/v2\/users\/1"}],"replies":[{"embeddable":true,"href":"https:\/\/quantumai.co.com\/da\/wp-json\/wp\/v2\/comments?post=537971"}],"version-history":[{"count":0,"href":"https:\/\/quantumai.co.com\/da\/wp-json\/wp\/v2\/pages\/537971\/revisions"}],"wp:attachment":[{"href":"https:\/\/quantumai.co.com\/da\/wp-json\/wp\/v2\/media?parent=537971"}],"curies":[{"name":"wp","href":"https:\/\/api.w.org\/{rel}","templated":true}]}}