{"id":505047,"date":"2023-12-21T08:38:40","date_gmt":"2023-12-21T08:38:40","guid":{"rendered":"https:\/\/quantumai.co\/?page_id=505047"},"modified":"2023-12-21T08:38:40","modified_gmt":"2023-12-21T08:38:40","slug":"margenhandel","status":"publish","type":"page","link":"https:\/\/quantumai.co.com\/de\/glossar\/margenhandel\/","title":{"rendered":"Margenhandel"},"content":{"rendered":"<p>Die Verwendung von geliehenen Mitteln eines Brokers f\u00fcr den Handel mit einem finanziellen Verm\u00f6genswert, der die Sicherheit f\u00fcr den Kredit des Brokers bildet. Der Margenhandel erh\u00f6ht sowohl die Gewinne als auch die Risiken.<\/p>","protected":false},"excerpt":{"rendered":"<p>The practice of using borrowed funds from a broker to trade a financial asset, which forms the collateral for the loan from the broker. Margin trading amplifies both gains and<a href=\"https:\/\/quantumai.co.com\/de\/glossar\/margenhandel\/\">Lesen Sie weiter <span class=\"sr-only\">&#8220;Margin trading&#8221;<\/span><\/a><\/p>","protected":false},"author":1,"featured_media":0,"parent":333,"menu_order":88,"comment_status":"closed","ping_status":"closed","template":"","meta":{"_acf_changed":false,"inline_featured_image":false,"footnotes":""},"class_list":["post-505047","page","type-page","status-publish","hentry"],"acf":[],"_links":{"self":[{"href":"https:\/\/quantumai.co.com\/de\/wp-json\/wp\/v2\/pages\/505047","targetHints":{"allow":["GET"]}}],"collection":[{"href":"https:\/\/quantumai.co.com\/de\/wp-json\/wp\/v2\/pages"}],"about":[{"href":"https:\/\/quantumai.co.com\/de\/wp-json\/wp\/v2\/types\/page"}],"author":[{"embeddable":true,"href":"https:\/\/quantumai.co.com\/de\/wp-json\/wp\/v2\/users\/1"}],"replies":[{"embeddable":true,"href":"https:\/\/quantumai.co.com\/de\/wp-json\/wp\/v2\/comments?post=505047"}],"version-history":[{"count":0,"href":"https:\/\/quantumai.co.com\/de\/wp-json\/wp\/v2\/pages\/505047\/revisions"}],"up":[{"embeddable":true,"href":"https:\/\/quantumai.co.com\/de\/wp-json\/wp\/v2\/pages\/333"}],"wp:attachment":[{"href":"https:\/\/quantumai.co.com\/de\/wp-json\/wp\/v2\/media?parent=505047"}],"curies":[{"name":"wp","href":"https:\/\/api.w.org\/{rel}","templated":true}]}}