{"id":505454,"date":"2023-12-21T08:38:33","date_gmt":"2023-12-21T08:38:33","guid":{"rendered":"https:\/\/quantumai.co\/?page_id=505454"},"modified":"2023-12-21T08:38:33","modified_gmt":"2023-12-21T08:38:33","slug":"informatica-cuantica","status":"publish","type":"page","link":"https:\/\/quantumai.co.com\/es\/glosario\/informatica-cuantica\/","title":{"rendered":"Computaci\u00f3n cu\u00e1ntica"},"content":{"rendered":"<p>Utilizaci\u00f3n de fen\u00f3menos de la mec\u00e1nica cu\u00e1ntica, como la superposici\u00f3n y el entrelazamiento, para realizar c\u00e1lculos. Los ordenadores cu\u00e1nticos, a\u00fan en fase de desarrollo, prometen resolver ciertos problemas mucho m\u00e1s r\u00e1pido que los cl\u00e1sicos.<\/p>","protected":false},"excerpt":{"rendered":"<p>El uso de fen\u00f3menos de la mec\u00e1nica cu\u00e1ntica como la superposici\u00f3n y el entrelazamiento para realizar c\u00e1lculos. Los ordenadores cu\u00e1nticos, que a\u00fan est\u00e1n en fase de desarrollo, prometen resolver ciertos problemas mucho m\u00e1s r\u00e1pido que<a href=\"https:\/\/quantumai.co.com\/es\/glosario\/informatica-cuantica\/\">Seguir leyendo <span class=\"sr-only\">\"Computaci\u00f3n cu\u00e1ntica\"<\/span><\/a><\/p>","protected":false},"author":1,"featured_media":0,"parent":333,"menu_order":11,"comment_status":"closed","ping_status":"closed","template":"","meta":{"_acf_changed":false,"inline_featured_image":false,"footnotes":""},"class_list":["post-505454","page","type-page","status-publish","hentry"],"acf":[],"_links":{"self":[{"href":"https:\/\/quantumai.co.com\/es\/wp-json\/wp\/v2\/pages\/505454","targetHints":{"allow":["GET"]}}],"collection":[{"href":"https:\/\/quantumai.co.com\/es\/wp-json\/wp\/v2\/pages"}],"about":[{"href":"https:\/\/quantumai.co.com\/es\/wp-json\/wp\/v2\/types\/page"}],"author":[{"embeddable":true,"href":"https:\/\/quantumai.co.com\/es\/wp-json\/wp\/v2\/users\/1"}],"replies":[{"embeddable":true,"href":"https:\/\/quantumai.co.com\/es\/wp-json\/wp\/v2\/comments?post=505454"}],"version-history":[{"count":0,"href":"https:\/\/quantumai.co.com\/es\/wp-json\/wp\/v2\/pages\/505454\/revisions"}],"up":[{"embeddable":true,"href":"https:\/\/quantumai.co.com\/es\/wp-json\/wp\/v2\/pages\/333"}],"wp:attachment":[{"href":"https:\/\/quantumai.co.com\/es\/wp-json\/wp\/v2\/media?parent=505454"}],"curies":[{"name":"wp","href":"https:\/\/api.w.org\/{rel}","templated":true}]}}