{"id":390,"date":"2023-11-30T14:07:10","date_gmt":"2023-11-30T14:07:10","guid":{"rendered":"https:\/\/quantumai.co\/?page_id=390"},"modified":"2024-01-09T20:30:54","modified_gmt":"2024-01-09T20:30:54","slug":"tingimused","status":"publish","type":"page","link":"https:\/\/quantumai.co.com\/et\/tingimused\/","title":{"rendered":"Tingimused"},"content":{"rendered":"<h4>1. Sissejuhatus<\/h4>\n<ul>\n<li>Tere tulemast <a href=\"https:\/\/quantumai.co.com\/et\/\">Quantum AI<\/a>. Need tingimused reguleerivad meie veebisaidi ja teenuste kasutamist. Quantum AI on ettev\u00f5tte Quantum AI \u00e4rinimi.<span id=\"companyinfo\"> Ltd, mis on \u00dchendkuningriigis registreeritud \u00e4ri\u00fching numbriga <a href=\"https:\/\/find-and-update.company-information.service.gov.uk\/company\/14263229\" rel=\"noopener\">14263229<\/a> mille registrij\u00e4rgne asukoht on 35 John Street, Luton, \u00dchendkuningriik, LU1 2JE.<\/span>. Meie veebisaidile juurdep\u00e4\u00e4suga n\u00f5ustute k\u00e4esolevate tingimustega.<\/li>\n<\/ul>\n<h4>2. Teenuste kirjeldus<\/h4>\n<ul>\n<li>Quantum AI on spetsialiseerunud juhtide genereerimisele ja potentsiaalsete klientide \u00fchendamisele kolmandate osapoolte ettev\u00f5tetega. Me ei esinda neid kolmanda osapoole ettev\u00f5tteid; meie roll piirdub juhtide genereerimisega.<\/li>\n<\/ul>\n<h4>3. Kasutaja kohustused<\/h4>\n<ul>\n<li>Kasutajad peavad n\u00f5udmisel esitama t\u00e4psed ja t\u00e4ielikud andmed.<\/li>\n<li>Kasutajatel on keelatud kasutada veebilehte ebaseaduslikuks tegevuseks.<\/li>\n<\/ul>\n<h4>4. Juhtide genereerimine ja kolmandatest isikutest ettev\u00f5tted<\/h4>\n<ul>\n<li>Quantum AI ei vastuta kolmandate osapoolte tegevuste v\u00f5i teenuste eest, millega me kasutajaid \u00fchendame.<\/li>\n<li>Kasutajad tunnistavad, et Quantum AI tegutseb vahendajana ja mitte nende kolmandate isikute esindajana.<\/li>\n<\/ul>\n<h4>5. Garantiidest loobumine<\/h4>\n<ul>\n<li>Quantum AI pakub oma teenuseid nii nagu need on. Me ei garanteeri meie teenuste v\u00f5i veebilehe kaudu esitatud teabe t\u00e4psust, usaldusv\u00e4\u00e4rsust ega t\u00e4ielikkust.<\/li>\n<\/ul>\n<h4>6. Vastutuse piiramine<\/h4>\n<ul>\n<li>Quantum AI ei vastuta mis tahes kahjude, kahjude v\u00f5i n\u00f5uete eest, mis tulenevad meie veebisaidi v\u00f5i teenuste kasutamisest, sealhulgas mis tahes tehingutest kolmandate osapoolte ettev\u00f5tetega.<\/li>\n<\/ul>\n<h4>7. H\u00fcvitamine<\/h4>\n<ul>\n<li>Kasutajad n\u00f5ustuvad h\u00fcvitama ja hoidma Quantum AI-d kahjutuks mis tahes n\u00f5uete, kahjude v\u00f5i kahjude eest, mis tulenevad meie teenuste kasutamisest.<\/li>\n<\/ul>\n<h4>8. Intellektuaalne omand<\/h4>\n<ul>\n<li>Kogu Quantum AI veebisaidi sisu on Quantum AI omand ja kaitstud intellektuaalomandi seadustega.<\/li>\n<\/ul>\n<h4>9. Tingimuste muutmine<\/h4>\n<ul>\n<li>Quantum AI j\u00e4tab endale \u00f5iguse neid tingimusi igal ajal muuta. Kasutajat teavitatakse k\u00f5igist olulistest muudatustest.<\/li>\n<\/ul>\n<h4>10. Kohaldatav \u00f5igus<\/h4>\n<ul>\n<li>K\u00e4esolevate tingimuste suhtes kohaldatakse \u00dchendkuningriigi, Kanada ja Austraalia seadusi, vastavalt kasutaja asukohast l\u00e4htuvalt.<\/li>\n<\/ul>\n<h4>11. Vaidluste lahendamine<\/h4>\n<ul>\n<li>K\u00f5ik k\u00e4esolevatest tingimustest tulenevad vaidlused lahendatakse vahekohtu kaudu kasutaja vastavas jurisdiktsioonis.<\/li>\n<\/ul>\n<h4>12. Kontaktandmed<\/h4>\n<ul>\n<li>Kui teil on k\u00fcsimusi v\u00f5i probleeme seoses k\u00e4esolevate tingimustega, v\u00f5tke meiega \u00fchendust aadressil <a href=\"mailto:legal@quantumai.co\" target=\"_new\" rel=\"noopener\">legal@quantumai.co<\/a>.<\/li>\n<\/ul>\n<h4>13. Eraldatavus<\/h4>\n<ul>\n<li>Kui m\u00f5ni k\u00e4esolevate tingimuste s\u00e4te tunnistatakse kehtetuks v\u00f5i j\u00f5ustamatuks, j\u00e4\u00e4vad \u00fclej\u00e4\u00e4nud s\u00e4tted kehtima.<\/li>\n<\/ul>\n<h4>14. Kogu leping<\/h4>\n<ul>\n<li>K\u00e4esolevad tingimused moodustavad kogu lepingu Quantum AI ja selle kasutajate vahel seoses veebilehe ja teenuste kasutamisega.<\/li>\n<\/ul>","protected":false},"excerpt":{"rendered":"<p>1. Sissejuhatus Tere tulemast Quantum AI-sse. Need tingimused reguleerivad meie veebisaidi ja teenuste kasutamist. Quantum AI on ettev\u00f5tte Quantum AI Ltd \u00e4rinimi.<a href=\"https:\/\/quantumai.co.com\/et\/tingimused\/\">J\u00e4tka lugemist <span class=\"sr-only\">\"Tingimused\"<\/span><\/a><\/p>","protected":false},"author":1,"featured_media":0,"parent":0,"menu_order":10,"comment_status":"closed","ping_status":"closed","template":"","meta":{"_acf_changed":false,"inline_featured_image":false,"footnotes":""},"class_list":["post-390","page","type-page","status-publish","hentry"],"acf":[],"_links":{"self":[{"href":"https:\/\/quantumai.co.com\/et\/wp-json\/wp\/v2\/pages\/390","targetHints":{"allow":["GET"]}}],"collection":[{"href":"https:\/\/quantumai.co.com\/et\/wp-json\/wp\/v2\/pages"}],"about":[{"href":"https:\/\/quantumai.co.com\/et\/wp-json\/wp\/v2\/types\/page"}],"author":[{"embeddable":true,"href":"https:\/\/quantumai.co.com\/et\/wp-json\/wp\/v2\/users\/1"}],"replies":[{"embeddable":true,"href":"https:\/\/quantumai.co.com\/et\/wp-json\/wp\/v2\/comments?post=390"}],"version-history":[{"count":0,"href":"https:\/\/quantumai.co.com\/et\/wp-json\/wp\/v2\/pages\/390\/revisions"}],"wp:attachment":[{"href":"https:\/\/quantumai.co.com\/et\/wp-json\/wp\/v2\/media?parent=390"}],"curies":[{"name":"wp","href":"https:\/\/api.w.org\/{rel}","templated":true}]}}