{"id":390,"date":"2023-11-30T14:07:10","date_gmt":"2023-11-30T14:07:10","guid":{"rendered":"https:\/\/quantumai.co\/?page_id=390"},"modified":"2024-01-09T20:30:54","modified_gmt":"2024-01-09T20:30:54","slug":"ehdot-ehdot","status":"publish","type":"page","link":"https:\/\/quantumai.co.com\/fi\/ehdot-ehdot\/","title":{"rendered":"Ehdot ja edellytykset"},"content":{"rendered":"<h4>1. Johdanto<\/h4>\n<ul>\n<li>Tervetuloa <a href=\"https:\/\/quantumai.co.com\/fi\/\">Quantum AI<\/a>. N\u00e4m\u00e4 k\u00e4ytt\u00f6ehdot koskevat verkkosivustomme ja palveluidemme k\u00e4ytt\u00f6\u00e4. Quantum AI on Quantum AI:n toiminimi.<span id=\"companyinfo\"> Ltd, joka on Yhdistyneess\u00e4 kuningaskunnassa rekister\u00f6ity yritys, jonka yritysnumero on <a href=\"https:\/\/find-and-update.company-information.service.gov.uk\/company\/14263229\" rel=\"noopener\">14263229<\/a> ja jonka s\u00e4\u00e4nt\u00f6m\u00e4\u00e4r\u00e4inen kotipaikka on 35 John Street, Luton, Yhdistynyt kuningaskunta, LU1 2JE.<\/span>. K\u00e4ytt\u00e4m\u00e4ll\u00e4 verkkosivustoamme hyv\u00e4ksyt n\u00e4m\u00e4 k\u00e4ytt\u00f6ehdot.<\/li>\n<\/ul>\n<h4>2. Palvelujen kuvaus<\/h4>\n<ul>\n<li>Quantum AI on erikoistunut liidien luomiseen ja potentiaalisten asiakkaiden yhdist\u00e4miseen kolmansien osapuolten yrityksiin. Emme edusta n\u00e4it\u00e4 kolmannen osapuolen yrityksi\u00e4, vaan teht\u00e4v\u00e4mme rajoittuu vain liidien tuottamiseen.<\/li>\n<\/ul>\n<h4>3. K\u00e4ytt\u00e4j\u00e4n velvollisuudet<\/h4>\n<ul>\n<li>K\u00e4ytt\u00e4jien on annettava pyydett\u00e4ess\u00e4 tarkat ja t\u00e4ydelliset tiedot.<\/li>\n<li>K\u00e4ytt\u00e4ji\u00e4 kiellet\u00e4\u00e4n k\u00e4ytt\u00e4m\u00e4st\u00e4 verkkosivustoa laittomaan toimintaan.<\/li>\n<\/ul>\n<h4>4. Lead Generation ja kolmannen osapuolen yritykset<\/h4>\n<ul>\n<li>Quantum AI ei ole vastuussa niiden kolmansien osapuolien toimista tai palveluista, joihin yhdist\u00e4mme k\u00e4ytt\u00e4ji\u00e4.<\/li>\n<li>K\u00e4ytt\u00e4j\u00e4t tunnustavat, ett\u00e4 Quantum AI toimii v\u00e4litt\u00e4j\u00e4n\u00e4 eik\u00e4 n\u00e4iden kolmansien osapuolten edustajana.<\/li>\n<\/ul>\n<h4>5. Vastuuvapauslauseke<\/h4>\n<ul>\n<li>Quantum AI tarjoaa palvelujaan sellaisenaan. Emme takaa palveluidemme tai verkkosivustomme kautta tarjottujen tietojen tarkkuutta, luotettavuutta tai t\u00e4ydellisyytt\u00e4.<\/li>\n<\/ul>\n<h4>6. Vastuun rajoittaminen<\/h4>\n<ul>\n<li>Quantum AI ei ole vastuussa mist\u00e4\u00e4n menetyksist\u00e4, vahingoista tai vaateista, jotka johtuvat verkkosivustomme tai palveluidemme k\u00e4yt\u00f6st\u00e4, mukaan lukien kolmansien osapuolten kanssa tehdyt kaupat.<\/li>\n<\/ul>\n<h4>7. Vahingonkorvaus<\/h4>\n<ul>\n<li>K\u00e4ytt\u00e4j\u00e4t sitoutuvat korvaamaan ja pit\u00e4m\u00e4\u00e4n Quantum AI:n vahingoittumattomana kaikista vaateista, menetyksist\u00e4 tai vahingoista, jotka johtuvat palveluidemme k\u00e4yt\u00f6st\u00e4.<\/li>\n<\/ul>\n<h4>8. Henkinen omaisuus<\/h4>\n<ul>\n<li>Kaikki Quantum AI:n verkkosivuston sis\u00e4lt\u00f6 on Quantum AI:n omaisuutta, ja sit\u00e4 suojaavat immateriaalioikeudet.<\/li>\n<\/ul>\n<h4>9. Ehtojen muutokset<\/h4>\n<ul>\n<li>Quantum AI pid\u00e4tt\u00e4\u00e4 oikeuden muuttaa n\u00e4it\u00e4 k\u00e4ytt\u00f6ehtoja milloin tahansa. K\u00e4ytt\u00e4jille ilmoitetaan kaikista merkitt\u00e4vist\u00e4 muutoksista.<\/li>\n<\/ul>\n<h4>10. Sovellettava laki<\/h4>\n<ul>\n<li>N\u00e4ihin k\u00e4ytt\u00f6ehtoihin sovelletaan Ison-Britannian, Kanadan ja Australian lakeja k\u00e4ytt\u00e4j\u00e4n sijainnin mukaan.<\/li>\n<\/ul>\n<h4>11. Riitojen ratkaiseminen<\/h4>\n<ul>\n<li>N\u00e4ist\u00e4 k\u00e4ytt\u00f6ehdoista johtuvat riidat ratkaistaan v\u00e4limiesmenettelyll\u00e4 k\u00e4ytt\u00e4j\u00e4n kotipaikkakunnalla.<\/li>\n<\/ul>\n<h4>12. Yhteystiedot<\/h4>\n<ul>\n<li>Jos sinulla on kysytt\u00e4v\u00e4\u00e4 tai huolenaiheita n\u00e4ist\u00e4 k\u00e4ytt\u00f6ehdoista, ota meihin yhteytt\u00e4 osoitteessa <a href=\"mailto:legal@quantumai.co\" target=\"_new\" rel=\"noopener\">legal@quantumai.co<\/a>.<\/li>\n<\/ul>\n<h4>13. Irrotettavuus<\/h4>\n<ul>\n<li>Jos jokin n\u00e4iden k\u00e4ytt\u00f6ehtojen m\u00e4\u00e4r\u00e4ys todetaan p\u00e4tem\u00e4tt\u00f6m\u00e4ksi tai t\u00e4yt\u00e4nt\u00f6\u00f6npanokelvottomaksi, muut m\u00e4\u00e4r\u00e4ykset pysyv\u00e4t voimassa.<\/li>\n<\/ul>\n<h4>14. Koko sopimus<\/h4>\n<ul>\n<li>N\u00e4m\u00e4 k\u00e4ytt\u00f6ehdot muodostavat koko sopimuksen Quantum AI:n ja sen k\u00e4ytt\u00e4jien v\u00e4lill\u00e4 verkkosivuston ja palveluiden k\u00e4yt\u00f6st\u00e4.<\/li>\n<\/ul>","protected":false},"excerpt":{"rendered":"<p>1. Johdanto Tervetuloa Quantum AI:hen. N\u00e4m\u00e4 k\u00e4ytt\u00f6ehdot koskevat verkkosivustomme ja palveluidemme k\u00e4ytt\u00f6\u00e4. Quantum AI on Quantum AI Ltd:n kauppanimi, joka on yritys<a href=\"https:\/\/quantumai.co.com\/fi\/ehdot-ehdot\/\">Jatka lukemista <span class=\"sr-only\">\"S\u00e4\u00e4nn\u00f6t ja ehdot\"<\/span><\/a><\/p>","protected":false},"author":1,"featured_media":0,"parent":0,"menu_order":10,"comment_status":"closed","ping_status":"closed","template":"","meta":{"_acf_changed":false,"inline_featured_image":false,"footnotes":""},"class_list":["post-390","page","type-page","status-publish","hentry"],"acf":[],"_links":{"self":[{"href":"https:\/\/quantumai.co.com\/fi\/wp-json\/wp\/v2\/pages\/390","targetHints":{"allow":["GET"]}}],"collection":[{"href":"https:\/\/quantumai.co.com\/fi\/wp-json\/wp\/v2\/pages"}],"about":[{"href":"https:\/\/quantumai.co.com\/fi\/wp-json\/wp\/v2\/types\/page"}],"author":[{"embeddable":true,"href":"https:\/\/quantumai.co.com\/fi\/wp-json\/wp\/v2\/users\/1"}],"replies":[{"embeddable":true,"href":"https:\/\/quantumai.co.com\/fi\/wp-json\/wp\/v2\/comments?post=390"}],"version-history":[{"count":0,"href":"https:\/\/quantumai.co.com\/fi\/wp-json\/wp\/v2\/pages\/390\/revisions"}],"wp:attachment":[{"href":"https:\/\/quantumai.co.com\/fi\/wp-json\/wp\/v2\/media?parent=390"}],"curies":[{"name":"wp","href":"https:\/\/api.w.org\/{rel}","templated":true}]}}