{"id":505047,"date":"2023-12-21T08:38:40","date_gmt":"2023-12-21T08:38:40","guid":{"rendered":"https:\/\/quantumai.co\/?page_id=505047"},"modified":"2023-12-21T08:38:40","modified_gmt":"2023-12-21T08:38:40","slug":"operations-sur-marge","status":"publish","type":"page","link":"https:\/\/quantumai.co.com\/fr\/glossaire\/operations-sur-marge\/","title":{"rendered":"Op\u00e9rations sur marge"},"content":{"rendered":"<p>La pratique consistant \u00e0 utiliser des fonds emprunt\u00e9s \u00e0 un courtier pour n\u00e9gocier un actif financier, qui constitue la garantie du pr\u00eat accord\u00e9 par le courtier. La n\u00e9gociation sur marge amplifie \u00e0 la fois les gains et les risques.<\/p>","protected":false},"excerpt":{"rendered":"<p>The practice of using borrowed funds from a broker to trade a financial asset, which forms the collateral for the loan from the broker. Margin trading amplifies both gains and<a href=\"https:\/\/quantumai.co.com\/fr\/glossaire\/operations-sur-marge\/\">Poursuivre la lecture <span class=\"sr-only\">&#8220;Margin trading&#8221;<\/span><\/a><\/p>","protected":false},"author":1,"featured_media":0,"parent":333,"menu_order":88,"comment_status":"closed","ping_status":"closed","template":"","meta":{"_acf_changed":false,"inline_featured_image":false,"footnotes":""},"class_list":["post-505047","page","type-page","status-publish","hentry"],"acf":[],"_links":{"self":[{"href":"https:\/\/quantumai.co.com\/fr\/wp-json\/wp\/v2\/pages\/505047","targetHints":{"allow":["GET"]}}],"collection":[{"href":"https:\/\/quantumai.co.com\/fr\/wp-json\/wp\/v2\/pages"}],"about":[{"href":"https:\/\/quantumai.co.com\/fr\/wp-json\/wp\/v2\/types\/page"}],"author":[{"embeddable":true,"href":"https:\/\/quantumai.co.com\/fr\/wp-json\/wp\/v2\/users\/1"}],"replies":[{"embeddable":true,"href":"https:\/\/quantumai.co.com\/fr\/wp-json\/wp\/v2\/comments?post=505047"}],"version-history":[{"count":0,"href":"https:\/\/quantumai.co.com\/fr\/wp-json\/wp\/v2\/pages\/505047\/revisions"}],"up":[{"embeddable":true,"href":"https:\/\/quantumai.co.com\/fr\/wp-json\/wp\/v2\/pages\/333"}],"wp:attachment":[{"href":"https:\/\/quantumai.co.com\/fr\/wp-json\/wp\/v2\/media?parent=505047"}],"curies":[{"name":"wp","href":"https:\/\/api.w.org\/{rel}","templated":true}]}}