{"id":505472,"date":"2023-12-21T08:38:28","date_gmt":"2023-12-21T08:38:28","guid":{"rendered":"https:\/\/quantumai.co\/?page_id=505472"},"modified":"2023-12-21T08:38:28","modified_gmt":"2023-12-21T08:38:28","slug":"qubit","status":"publish","type":"page","link":"https:\/\/quantumai.co.com\/fr\/glossaire\/qubit\/","title":{"rendered":"Qubit"},"content":{"rendered":"<p>Unit\u00e9 fondamentale de l'information quantique, repr\u00e9sentant un syst\u00e8me quantique \u00e0 deux \u00e9tats. Les Qubits diff\u00e8rent des bits classiques par leur capacit\u00e9 \u00e0 exister dans des \u00e9tats de superposition, un principe fondamental de la m\u00e9canique quantique.<\/p>","protected":false},"excerpt":{"rendered":"<p>Unit\u00e9 fondamentale de l'information quantique, repr\u00e9sentant un syst\u00e8me quantique \u00e0 deux \u00e9tats. Les Qubits diff\u00e8rent des bits classiques par leur capacit\u00e9 \u00e0 exister dans des \u00e9tats de superposition, un principe fondamental de la m\u00e9canique quantique.<\/p>","protected":false},"author":1,"featured_media":0,"parent":333,"menu_order":20,"comment_status":"closed","ping_status":"closed","template":"","meta":{"_acf_changed":false,"inline_featured_image":false,"footnotes":""},"class_list":["post-505472","page","type-page","status-publish","hentry"],"acf":[],"_links":{"self":[{"href":"https:\/\/quantumai.co.com\/fr\/wp-json\/wp\/v2\/pages\/505472","targetHints":{"allow":["GET"]}}],"collection":[{"href":"https:\/\/quantumai.co.com\/fr\/wp-json\/wp\/v2\/pages"}],"about":[{"href":"https:\/\/quantumai.co.com\/fr\/wp-json\/wp\/v2\/types\/page"}],"author":[{"embeddable":true,"href":"https:\/\/quantumai.co.com\/fr\/wp-json\/wp\/v2\/users\/1"}],"replies":[{"embeddable":true,"href":"https:\/\/quantumai.co.com\/fr\/wp-json\/wp\/v2\/comments?post=505472"}],"version-history":[{"count":0,"href":"https:\/\/quantumai.co.com\/fr\/wp-json\/wp\/v2\/pages\/505472\/revisions"}],"up":[{"embeddable":true,"href":"https:\/\/quantumai.co.com\/fr\/wp-json\/wp\/v2\/pages\/333"}],"wp:attachment":[{"href":"https:\/\/quantumai.co.com\/fr\/wp-json\/wp\/v2\/media?parent=505472"}],"curies":[{"name":"wp","href":"https:\/\/api.w.org\/{rel}","templated":true}]}}