{"id":537971,"date":"2025-07-09T03:26:47","date_gmt":"2025-07-09T03:26:47","guid":{"rendered":"https:\/\/quantumai.co\/?page_id=537971"},"modified":"2025-07-09T03:36:50","modified_gmt":"2025-07-09T03:36:50","slug":"video-quantum-ai","status":"publish","type":"page","link":"https:\/\/quantumai.co.com\/it\/video-quantum-ai\/","title":{"rendered":"Video Quantum AI"},"content":{"rendered":"<video height=\"1080\" style=\"aspect-ratio: 1920 \/ 1080;\" controls width=\"1920\" preload=\"metadata\"\n  poster=\"https:\/\/quantumai.co.com\/wp-content\/uploads\/2025\/07\/quantum-ai-thumbnail.jpg\" crossorigin=\"anonymous\">\n  <source src=\"https:\/\/quantumai.co.com\/wp-content\/uploads\/2025\/07\/quantum-AI.mp4\" type=\"video\/mp4\">\n  <track\n    kind=\"captions\"\n    src=\"https:\/\/quantumai.co.com\/wp-content\/uploads\/2025\/07\/quantum-ai-captions.vtt\"\n    srclang=\"en\"\n    label=\"English\"\n    default>\n  Il vostro browser non supporta il tag video.\n<\/video>\n\n\n\n<h2 class=\"wp-block-heading\">Informazioni sul Bot di Trading Quantum AI<\/h2>\n\n\n\n<p>Il <strong>Bot di trading Quantum AI<\/strong> \u00e8 una piattaforma di trading AI avanzata che sfrutta la potenza combinata di <strong>informatica quantistica<\/strong> e l'intelligenza artificiale per offrire operazioni fulminee e di precisione. Progettato sia per i principianti che per gli investitori esperti, questo bot intelligente analizza i dati di mercato in tempo reale, prevede le tendenze ed esegue le operazioni in base ai livelli di rischio definiti dall'utente, il tutto in pochi secondi.<\/p>\n\n\n\n<p>Questo video fornisce una rapida spiegazione di come <a class=\"wpil_keyword_link\" href=\"https:\/\/quantumai.co.com\/it\/\" title=\"Quantum AI\" data-wpil-keyword-link=\"linked\">Quantum AI<\/a> funziona, cosa lo distingue dai bot di trading tradizionali e come gli utenti possono iniziare a usarlo con un deposito minimo. Il documento illustra anche il cruscotto della piattaforma, le impostazioni di trading automatico e gli strumenti di gestione del rischio integrati.<\/p>\n\n\n\n<p>Che siate interessati a fare trading di Bitcoin, Ethereum, azioni o materie prime, la <strong>Software di trading Quantum AI<\/strong> si adatta alle vostre preferenze utilizzando algoritmi di apprendimento dinamico. In questo modo, la vostra strategia di trading migliora continuamente, in quanto il sistema impara dalle performance del mondo reale.<\/p>\n\n\n\n<h3 class=\"wp-block-heading\">\ud83d\udd0a Sintesi della trascrizione del video<\/h3>\n\n\n\n<p>\"Benvenuti a Quantum AI - il bot di trading AI di nuova generazione. In questo video esploreremo come la nostra piattaforma utilizzi algoritmi quantistici per dare ai trader un vantaggio sul mercato. Il cruscotto \u00e8 completamente automatizzato e progettato per essere facile da usare. Gli utenti possono impostare le preferenze per il rischio, selezionare i tipi di asset e attivare il trading automatico con pochi clic.<\/p>\n\n\n\n<p>Grazie ai modelli di previsione in tempo reale e all'esecuzione ad alta velocit\u00e0, Quantum AI valuta continuamente migliaia di segnali di mercato per identificare le operazioni migliori. \u00c8 come avere un trading desk di Wall Street in tasca. Iniziate con appena $250 e sperimentate un modo pi\u00f9 intelligente e veloce di investire\".<\/p>\n\n\n\n<p>Per saperne di pi\u00f9, visitate la nostra documentazione completa o create un account gratuito per cominciare il vostro viaggio con <strong>Bot di trading Quantum AI<\/strong>.<\/p>\n\n\n\n<script type=\"application\/ld+json\">{\n    \"@context\": \"https:\\\/\\\/schema.org\",\n    \"@type\": \"VideoObject\",\n    \"name\": \"Quantum AI Trading Bot\",\n    \"description\": \"Watch how Quantum AI combines artificial intelligence and quantum computing to trade smarter and faster.\",\n    \"thumbnailUrl\": \"https:\\\/\\\/quantumai.co.com\\\/wp-content\\\/uploads\\\/2025\\\/07\\\/quantum-ai-thumbnail.jpg\",\n    \"uploadDate\": \"2025-07-09\",\n    \"duration\": \"PT3M10S\",\n    \"contentUrl\": \"https:\\\/\\\/quantumai.co.com\\\/wp-content\\\/uploads\\\/2025\\\/07\\\/quantum-AI.mp4\",\n    \"embedUrl\": \"https:\\\/\\\/quantumai.co.com\\\/quantum-ai-trading-demo\",\n    \"publisher\": {\n        \"@type\": \"Organization\",\n        \"name\": \"Quantum AI\",\n        \"logo\": {\n            \"@type\": \"ImageObject\",\n            \"url\": \"https:\\\/\\\/quantumai.co.com\\\/wp-content\\\/uploads\\\/2025\\\/01\\\/logo.png\"\n        }\n    }\n}<\/script>\n\n\n\n<p><\/p>","protected":false},"excerpt":{"rendered":"<p>About the Quantum AI Trading Bot The Quantum AI Trading Bot is an advanced AI trading platform that leverages the combined power of quantum computing and artificial intelligence to deliver<a href=\"https:\/\/quantumai.co.com\/it\/video-quantum-ai\/\">Continua a leggere <span class=\"sr-only\">&#8220;Quantum AI Video&#8221;<\/span><\/a><\/p>","protected":false},"author":1,"featured_media":0,"parent":0,"menu_order":0,"comment_status":"closed","ping_status":"closed","template":"","meta":{"_acf_changed":false,"inline_featured_image":false,"footnotes":""},"class_list":["post-537971","page","type-page","status-publish","hentry"],"acf":[],"_links":{"self":[{"href":"https:\/\/quantumai.co.com\/it\/wp-json\/wp\/v2\/pages\/537971","targetHints":{"allow":["GET"]}}],"collection":[{"href":"https:\/\/quantumai.co.com\/it\/wp-json\/wp\/v2\/pages"}],"about":[{"href":"https:\/\/quantumai.co.com\/it\/wp-json\/wp\/v2\/types\/page"}],"author":[{"embeddable":true,"href":"https:\/\/quantumai.co.com\/it\/wp-json\/wp\/v2\/users\/1"}],"replies":[{"embeddable":true,"href":"https:\/\/quantumai.co.com\/it\/wp-json\/wp\/v2\/comments?post=537971"}],"version-history":[{"count":0,"href":"https:\/\/quantumai.co.com\/it\/wp-json\/wp\/v2\/pages\/537971\/revisions"}],"wp:attachment":[{"href":"https:\/\/quantumai.co.com\/it\/wp-json\/wp\/v2\/media?parent=537971"}],"curies":[{"name":"wp","href":"https:\/\/api.w.org\/{rel}","templated":true}]}}