{"id":504987,"date":"2023-12-21T08:45:07","date_gmt":"2023-12-21T08:45:07","guid":{"rendered":"https:\/\/quantumai.co\/?page_id=504987"},"modified":"2023-12-21T08:45:07","modified_gmt":"2023-12-21T08:45:07","slug":"preco-medio-ponderado-por-volume-vwap","status":"publish","type":"page","link":"https:\/\/quantumai.co.com\/pt\/glossario\/preco-medio-ponderado-por-volume-vwap\/","title":{"rendered":"Pre\u00e7o m\u00e9dio ponderado por volume (VWAP)"},"content":{"rendered":"<p>Uma refer\u00eancia de negocia\u00e7\u00e3o usada especialmente em planos de pens\u00e3o. O VWAP \u00e9 calculado somando-se os d\u00f3lares negociados em cada transa\u00e7\u00e3o (pre\u00e7o vezes a\u00e7\u00f5es negociadas) e, em seguida, dividindo-se pelo total de a\u00e7\u00f5es negociadas.<\/p>","protected":false},"excerpt":{"rendered":"<p>A trading benchmark used especially in pension plans. VWAP is calculated by adding up the dollars traded for every transaction (price times shares traded) and then dividing by the total<a href=\"https:\/\/quantumai.co.com\/pt\/glossario\/preco-medio-ponderado-por-volume-vwap\/\">Continuar lendo <span class=\"sr-only\">&#8220;Volume weighted average price (VWAP)&#8221;<\/span><\/a><\/p>","protected":false},"author":1,"featured_media":0,"parent":333,"menu_order":81,"comment_status":"closed","ping_status":"closed","template":"","meta":{"_acf_changed":false,"inline_featured_image":false,"footnotes":""},"class_list":["post-504987","page","type-page","status-publish","hentry"],"acf":[],"_links":{"self":[{"href":"https:\/\/quantumai.co.com\/pt\/wp-json\/wp\/v2\/pages\/504987","targetHints":{"allow":["GET"]}}],"collection":[{"href":"https:\/\/quantumai.co.com\/pt\/wp-json\/wp\/v2\/pages"}],"about":[{"href":"https:\/\/quantumai.co.com\/pt\/wp-json\/wp\/v2\/types\/page"}],"author":[{"embeddable":true,"href":"https:\/\/quantumai.co.com\/pt\/wp-json\/wp\/v2\/users\/1"}],"replies":[{"embeddable":true,"href":"https:\/\/quantumai.co.com\/pt\/wp-json\/wp\/v2\/comments?post=504987"}],"version-history":[{"count":0,"href":"https:\/\/quantumai.co.com\/pt\/wp-json\/wp\/v2\/pages\/504987\/revisions"}],"up":[{"embeddable":true,"href":"https:\/\/quantumai.co.com\/pt\/wp-json\/wp\/v2\/pages\/333"}],"wp:attachment":[{"href":"https:\/\/quantumai.co.com\/pt\/wp-json\/wp\/v2\/media?parent=504987"}],"curies":[{"name":"wp","href":"https:\/\/api.w.org\/{rel}","templated":true}]}}