{"id":505454,"date":"2023-12-21T08:38:33","date_gmt":"2023-12-21T08:38:33","guid":{"rendered":"https:\/\/quantumai.co\/?page_id=505454"},"modified":"2023-12-21T08:38:33","modified_gmt":"2023-12-21T08:38:33","slug":"computacao-quantica","status":"publish","type":"page","link":"https:\/\/quantumai.co.com\/pt\/glossario\/computacao-quantica\/","title":{"rendered":"Computa\u00e7\u00e3o qu\u00e2ntica"},"content":{"rendered":"<p>O uso de fen\u00f4menos mec\u00e2nicos qu\u00e2nticos, como a superposi\u00e7\u00e3o e o entrela\u00e7amento, para realizar a computa\u00e7\u00e3o. Os computadores qu\u00e2nticos, que ainda est\u00e3o em fase de desenvolvimento, prometem resolver determinados problemas muito mais rapidamente do que os computadores cl\u00e1ssicos.<\/p>","protected":false},"excerpt":{"rendered":"<p>O uso de fen\u00f4menos mec\u00e2nicos qu\u00e2nticos, como a superposi\u00e7\u00e3o e o entrela\u00e7amento, para realizar a computa\u00e7\u00e3o. Os computadores qu\u00e2nticos, que ainda est\u00e3o em fase de desenvolvimento, prometem resolver determinados problemas com muito mais rapidez do que os computadores de computador.<a href=\"https:\/\/quantumai.co.com\/pt\/glossario\/computacao-quantica\/\">Continuar lendo <span class=\"sr-only\">\"Computa\u00e7\u00e3o qu\u00e2ntica\"<\/span><\/a><\/p>","protected":false},"author":1,"featured_media":0,"parent":333,"menu_order":11,"comment_status":"closed","ping_status":"closed","template":"","meta":{"_acf_changed":false,"inline_featured_image":false,"footnotes":""},"class_list":["post-505454","page","type-page","status-publish","hentry"],"acf":[],"_links":{"self":[{"href":"https:\/\/quantumai.co.com\/pt\/wp-json\/wp\/v2\/pages\/505454","targetHints":{"allow":["GET"]}}],"collection":[{"href":"https:\/\/quantumai.co.com\/pt\/wp-json\/wp\/v2\/pages"}],"about":[{"href":"https:\/\/quantumai.co.com\/pt\/wp-json\/wp\/v2\/types\/page"}],"author":[{"embeddable":true,"href":"https:\/\/quantumai.co.com\/pt\/wp-json\/wp\/v2\/users\/1"}],"replies":[{"embeddable":true,"href":"https:\/\/quantumai.co.com\/pt\/wp-json\/wp\/v2\/comments?post=505454"}],"version-history":[{"count":0,"href":"https:\/\/quantumai.co.com\/pt\/wp-json\/wp\/v2\/pages\/505454\/revisions"}],"up":[{"embeddable":true,"href":"https:\/\/quantumai.co.com\/pt\/wp-json\/wp\/v2\/pages\/333"}],"wp:attachment":[{"href":"https:\/\/quantumai.co.com\/pt\/wp-json\/wp\/v2\/media?parent=505454"}],"curies":[{"name":"wp","href":"https:\/\/api.w.org\/{rel}","templated":true}]}}